{"id":383,"date":"2016-04-08T09:36:09","date_gmt":"2016-04-08T09:36:09","guid":{"rendered":"http:\/\/dates.airportsodankyla.fi\/?page_id=383"},"modified":"2016-05-13T13:30:56","modified_gmt":"2016-05-13T13:30:56","slug":"vesilentosatama-ja-laituri","status":"publish","type":"page","link":"https:\/\/dates.airportsodankyla.fi\/?page_id=383","title":{"rendered":"Vaatimuksenmukaisuudet vesilentosatama ja -laituri"},"content":{"rendered":"","protected":true},"excerpt":{"rendered":"","protected":true},"author":1,"featured_media":0,"parent":0,"menu_order":0,"comment_status":"closed","ping_status":"closed","template":"","meta":{"spay_email":""},"jetpack_sharing_enabled":false,"jetpack_shortlink":"https:\/\/wp.me\/P6M54E-6b","jetpack-related-posts":[{"id":529,"url":"https:\/\/dates.airportsodankyla.fi\/?page_id=529","url_meta":{"origin":383,"position":0},"title":"Sodankyl\u00e4 tavoittelee lis\u00e4\u00e4 kansainv\u00e4lisi\u00e4 toimijoita lentokent\u00e4n arktiselle kehitt\u00e4misymp\u00e4rist\u00f6lle","date":"18.9.2016","format":false,"excerpt":"Lentokent\u00e4n alue tarjoaa poikkeuksellisen monipuolisen tutkimus- ja testausymp\u00e4rist\u00f6n. Kunnan tavoitteena on elinkeinoel\u00e4m\u00e4n monipuolistaminen ja ty\u00f6paikkojen luominen. Sodankyl\u00e4 tavoittelee muun muassa kansainv\u00e4listen yritysten ja tutkimuslaitosten kiinnostusta lentokent\u00e4n alueella toimivalle arktiselle kehitt\u00e4misymp\u00e4rist\u00f6lle. \u201dTavoitteena on Sodankyl\u00e4n elinkeinorakenteen monipuolistaminen ja ty\u00f6paikkojen luominen alueelle, sanoo hanketta vet\u00e4v\u00e4 projektip\u00e4\u00e4llikk\u00f6 Heikki Heinonen Sodankyl\u00e4n kunnasta. H\u00e4nen mukaansa alueen\u2026","rel":"","context":"Samankaltainen artikkeli","img":{"alt_text":"Sodankyl\u00e4n Arktinen ilmailu- ja tutkimuskeskus kehitt\u00e4misymp\u00e4rist\u00f6","src":"https:\/\/i0.wp.com\/dates.airportsodankyla.fi\/wp-content\/uploads\/2016\/09\/AARC.jpg?fit=1200%2C733&ssl=1&resize=350%2C200","width":350,"height":200},"classes":[]},{"id":362,"url":"https:\/\/dates.airportsodankyla.fi\/?page_id=362","url_meta":{"origin":383,"position":1},"title":"DATES &#8211; Sodankyl\u00e4n arktisen testausymp\u00e4rist\u00f6n kehitt\u00e4minen","date":"5.4.2016","format":false,"excerpt":"Sodankyl\u00e4n arktisen testaus- ja palvelutoiminnan kehitt\u00e4misohjelmaan liittyv\u00e4 1. osahanke DATES on kyseisen kehitt\u00e4misohjelman pilottihanke: Hankkeen yleisluontoisena tavoitteena on hy\u00f6dynt\u00e4\u00e4 pohjoisia olosuhteita elinkeinorakenteen monipuolistamiseksi kehitt\u00e4m\u00e4ll\u00e4 ymp\u00e4rivuotista testaus- ja palvelutoimintaa Sodankyl\u00e4n lentokentt\u00e4alueella. Hankkeen toteuttamisesta vastaa Sodankyl\u00e4n kunta. Hankkeessa kehitet\u00e4\u00e4n ymp\u00e4rivuotista testaus- ja uutta palvelutoimintaa Sodankyl\u00e4n kuntaan: Painopistealoina ovat: 1) ajoneuvojen ja ty\u00f6koneiden\u2026","rel":"","context":"Samankaltainen artikkeli","img":{"alt_text":"","src":"https:\/\/i0.wp.com\/dates.airportsodankyla.fi\/wp-content\/uploads\/2015\/09\/BR2015_ylakuva.jpg?fit=825%2C510&ssl=1&resize=350%2C200","width":350,"height":200},"classes":[]}],"_links":{"self":[{"href":"https:\/\/dates.airportsodankyla.fi\/index.php?rest_route=\/wp\/v2\/pages\/383"}],"collection":[{"href":"https:\/\/dates.airportsodankyla.fi\/index.php?rest_route=\/wp\/v2\/pages"}],"about":[{"href":"https:\/\/dates.airportsodankyla.fi\/index.php?rest_route=\/wp\/v2\/types\/page"}],"author":[{"embeddable":true,"href":"https:\/\/dates.airportsodankyla.fi\/index.php?rest_route=\/wp\/v2\/users\/1"}],"replies":[{"embeddable":true,"href":"https:\/\/dates.airportsodankyla.fi\/index.php?rest_route=%2Fwp%2Fv2%2Fcomments&post=383"}],"version-history":[{"count":2,"href":"https:\/\/dates.airportsodankyla.fi\/index.php?rest_route=\/wp\/v2\/pages\/383\/revisions"}],"predecessor-version":[{"id":437,"href":"https:\/\/dates.airportsodankyla.fi\/index.php?rest_route=\/wp\/v2\/pages\/383\/revisions\/437"}],"wp:attachment":[{"href":"https:\/\/dates.airportsodankyla.fi\/index.php?rest_route=%2Fwp%2Fv2%2Fmedia&parent=383"}],"curies":[{"name":"wp","href":"https:\/\/api.w.org\/{rel}","templated":true}]}}